{"id":18,"date":"2020-10-05T08:10:30","date_gmt":"2020-10-05T08:10:30","guid":{"rendered":"https:\/\/www.krivic.net\/?page_id=18"},"modified":"2020-10-05T09:26:30","modified_gmt":"2020-10-05T09:26:30","slug":"about","status":"publish","type":"page","link":"https:\/\/www.krivic.net\/?page_id=18","title":{"rendered":"Kdo smo"},"content":{"rendered":"\n<p>Diana Krivic, univ. dipl. kom., specialistka kadrovskega mened\u017ementa, imam nacionalno poklicno kvalifikacijo ra\u010dunovodje. Na podlago desetletnih samostojnih izku\u0161enj na podro\u010dju ra\u010dunovodstva z neustavljivo \u017eeljo po izpopolnjevanju in nadgrajevanju vsakodnevno nana\u0161am znanje s podro\u010dja ra\u010dunovodstva, davkov in kadrovskega poslovanja. In to na svoje veliko veselje!<\/p>\n","protected":false},"excerpt":{"rendered":"<p>Diana Krivic, univ. dipl. kom., specialistka kadrovskega mened\u017ementa, imam nacionalno poklicno kvalifikacijo ra\u010dunovodje. Na podlago desetletnih samostojnih izku\u0161enj na podro\u010dju ra\u010dunovodstva z neustavljivo \u017eeljo po izpopolnjevanju in nadgrajevanju vsakodnevno nana\u0161am znanje s podro\u010dja ra\u010dunovodstva, davkov in kadrovskega poslovanja. In to na svoje veliko veselje!<\/p>\n","protected":false},"author":1,"featured_media":0,"parent":0,"menu_order":0,"comment_status":"closed","ping_status":"closed","template":"","meta":{"footnotes":""},"_links":{"self":[{"href":"https:\/\/www.krivic.net\/index.php?rest_route=\/wp\/v2\/pages\/18"}],"collection":[{"href":"https:\/\/www.krivic.net\/index.php?rest_route=\/wp\/v2\/pages"}],"about":[{"href":"https:\/\/www.krivic.net\/index.php?rest_route=\/wp\/v2\/types\/page"}],"author":[{"embeddable":true,"href":"https:\/\/www.krivic.net\/index.php?rest_route=\/wp\/v2\/users\/1"}],"replies":[{"embeddable":true,"href":"https:\/\/www.krivic.net\/index.php?rest_route=%2Fwp%2Fv2%2Fcomments&post=18"}],"version-history":[{"count":3,"href":"https:\/\/www.krivic.net\/index.php?rest_route=\/wp\/v2\/pages\/18\/revisions"}],"predecessor-version":[{"id":63,"href":"https:\/\/www.krivic.net\/index.php?rest_route=\/wp\/v2\/pages\/18\/revisions\/63"}],"wp:attachment":[{"href":"https:\/\/www.krivic.net\/index.php?rest_route=%2Fwp%2Fv2%2Fmedia&parent=18"}],"curies":[{"name":"wp","href":"https:\/\/api.w.org\/{rel}","templated":true}]}}