{"id":25,"date":"2020-10-05T08:10:30","date_gmt":"2020-10-05T08:10:30","guid":{"rendered":"https:\/\/www.krivic.net\/?page_id=25"},"modified":"2020-10-05T14:44:26","modified_gmt":"2020-10-05T12:44:26","slug":"home","status":"publish","type":"page","link":"https:\/\/www.krivic.net\/","title":{"rendered":"Vrhunske ra\u010dunovodske storitve"},"content":{"rendered":"\n<p>Od evidentiranja poslovnih dogodkov, vodenja osnovnih sredstev, obra\u010duna DDV, oddajanja obra\u010dunov, vlaganja napovedi, izdelave ra\u010dunovodskih izkazov, poro\u010dil in bilanc, pa do pregledov knjig za zagotavljanje skladnosti z zakonodajo in ra\u010dunovodskega ter dav\u010dnega svetovanja, pomagamo vam na celotnem spektru ra\u010dunovodskih nalog.<\/p>\n","protected":false},"excerpt":{"rendered":"<p>Od evidentiranja poslovnih dogodkov, vodenja osnovnih sredstev, obra\u010duna DDV, oddajanja obra\u010dunov, vlaganja napovedi, izdelave ra\u010dunovodskih izkazov, poro\u010dil in bilanc, pa do pregledov knjig za zagotavljanje skladnosti z zakonodajo in ra\u010dunovodskega ter dav\u010dnega svetovanja, pomagamo vam na celotnem spektru ra\u010dunovodskih nalog.<\/p>\n","protected":false},"author":1,"featured_media":0,"parent":0,"menu_order":0,"comment_status":"closed","ping_status":"closed","template":"","meta":{"footnotes":""},"_links":{"self":[{"href":"https:\/\/www.krivic.net\/index.php?rest_route=\/wp\/v2\/pages\/25"}],"collection":[{"href":"https:\/\/www.krivic.net\/index.php?rest_route=\/wp\/v2\/pages"}],"about":[{"href":"https:\/\/www.krivic.net\/index.php?rest_route=\/wp\/v2\/types\/page"}],"author":[{"embeddable":true,"href":"https:\/\/www.krivic.net\/index.php?rest_route=\/wp\/v2\/users\/1"}],"replies":[{"embeddable":true,"href":"https:\/\/www.krivic.net\/index.php?rest_route=%2Fwp%2Fv2%2Fcomments&post=25"}],"version-history":[{"count":7,"href":"https:\/\/www.krivic.net\/index.php?rest_route=\/wp\/v2\/pages\/25\/revisions"}],"predecessor-version":[{"id":82,"href":"https:\/\/www.krivic.net\/index.php?rest_route=\/wp\/v2\/pages\/25\/revisions\/82"}],"wp:attachment":[{"href":"https:\/\/www.krivic.net\/index.php?rest_route=%2Fwp%2Fv2%2Fmedia&parent=25"}],"curies":[{"name":"wp","href":"https:\/\/api.w.org\/{rel}","templated":true}]}}